{"id":3970,"date":"2018-05-21T09:21:31","date_gmt":"2018-05-21T09:21:31","guid":{"rendered":"http:\/\/2headz.ch\/blog\/?page_id=3970"},"modified":"2023-01-30T17:05:54","modified_gmt":"2023-01-30T17:05:54","slug":"datenschutzerklaerung","status":"publish","type":"page","link":"https:\/\/2headz.ch\/blog\/datenschutzerklaerung\/","title":{"rendered":"Datenschutzerkl\u00e4rung"},"content":{"rendered":"<h2>Wer wir sind<\/h2>\n<p>Die Adresse unserer Website ist: http:\/\/2headz.ch\/blog. Es handelt sich bei diesem Weblog um ein privates Weblog. Die Inhalte spiegeln pers\u00f6nlichen Ansichten und Meinungen wider.<\/p>\n<p>Prof. Dr. Mandy Schiefner-Rohs, Prof. Dr. Matthias Rohs<br \/>\nRPTU Kaiserslautern-Landau<br \/>\nErwin-Schr\u00f6dinger Strasse<br \/>\n67663 Kaiserslautern<br \/>\nTel: 0631-205 5659<\/p>\n<p>E-Mail: mandy.rohs[AT]rptu.de \/ matthias.rohs[AT]rptu.de<\/p>\n<p>Haftungsausschluss: Wir stellen alle Informationen nach bestem Wissen und Gewissen zusammen. Eine Gew\u00e4hr oder jegliche Haftung f\u00fcr die Funktion, Aktualit\u00e4t, Richtigkeit, Vollst\u00e4ndigkeit oder Qualit\u00e4t der Link-Verweise und insbesondere der Informationen der verwiesenen (&#8222;verlinkten&#8220;) Internetseiten der Drittanbieter (inklusive Rechtm\u00e4\u00dfigkeit des Inhaltes) kann aber nicht \u00fcbernommen werden. Die Rechte an diesen Seiten sowie die Verantwortlichkeit f\u00fcr deren Inhalt liegen ausschlie\u00dflich beim Drittanbieter. Dies gilt insbesondere f\u00fcr Inhalte, deren Verbreitung nach deutschem und ausl\u00e4ndischem Recht verboten ist und deren Beihilfe zur Verbreitung strafrechtlich verfolgt wird. Auch k\u00f6nnen wir nicht garantieren, dass unsere Sammlung oder die verlinkten Seiten keine Viren enthalten. Wir lehnen grunds\u00e4tzlich jegliche Haftung f\u00fcr materielle oder ideelle Sch\u00e4den, insbesondere auch f\u00fcr Folgesch\u00e4den, ab, die durch die Nutzung der von uns zur Verf\u00fcgung gestellten Informationen verursacht wurden. Falls ein totaler Haftungsausschluss trotz der Unentgeltlichkeit der Informationen rechtlich nicht zul\u00e4ssig sein sollte, wird unsere Haftung auf vors\u00e4tzliches oder grob fahrl\u00e4ssiges Verhalten beschr\u00e4nkt.<\/p>\n<h2>Welche personenbezogenen Daten wir sammeln und warum wir sie sammeln<\/h2>\n<h3>Kommentare<\/h3>\n<p>Wenn Besucher Kommentare auf der Website schreiben, sammeln wir die Daten, die im Kommentar-Formular angezeigt werden, au\u00dferdem die IP-Adresse des Besuchers und den User-Agent-String (damit wird der Browser identifiziert), um die Erkennung von Spam zu unterst\u00fctzen.<\/p>\n<p>Aus Ihrer E-Mail-Adresse kann eine anonymisierte Zeichenfolge erstellt (auch Hash genannt) und dem Gravatar-Dienst \u00fcbergeben werden, um zu pr\u00fcfen, ob Sie diesen benutzt. Die Datenschutzerkl\u00e4rung des Gravatar-Dienstes finden Sie hier: https:\/\/automattic.com\/privacy\/. Nachdem Ihr Kommentar freigegeben wurde, ist Ihr Profilbild \u00f6ffentlich im Kontext Ihres Kommentars sichtbar.<\/p>\n<h3>Medien<\/h3>\n<p>Wenn Sie ein registrierter Benutzer sind und Fotos auf diese Website laden, sollten Sie vermeiden, Fotos mit einem EXIF-GPS-Standort hochzuladen. Besucher dieser Website k\u00f6nnten Fotos, die auf dieser Website gespeichert sind, downloaden und deren Standort-Informationen extrahieren.<\/p>\n<h3>Kommentarfunktion<\/h3>\n<p>Der 2headz Blog bietet den Nutzern auf einem Blog, der sich auf der Internetseite des f\u00fcr die Verarbeitung Verantwortlichen befindet, die M\u00f6glichkeit, individuelle Kommentare zu einzelnen Blog-Beitr\u00e4gen zu hinterlassen. Ein Blog ist ein auf einer Internetseite gef\u00fchrtes, in der Regel \u00f6ffentlich einsehbares Portal, in welchem eine oder mehrere Personen, die Blogger oder Web-Blogger genannt werden, Artikel posten oder Gedanken in sogenannten Blogposts niederschreiben k\u00f6nnen. Die Blogposts k\u00f6nnen in der Regel von Dritten kommentiert werden.<\/p>\n<p>Hinterl\u00e4sst eine betroffene Person einen Kommentar in dem auf dieser Internetseite ver\u00f6ffentlichten Blog, werden neben den von der betroffenen Person hinterlassenen Kommentaren auch Angaben zum Zeitpunkt der Kommentareingabe sowie zu dem von der betroffenen Person gew\u00c3\u00a4hlten Nutzernamen (Pseudonym) gespeichert und ver\u00f6ffentlicht. Ferner wird die vom Internet-Service-Provider (ISP) der betroffenen Person vergebene IP-Adresse mitprotokolliert. Diese Speicherung der IP-Adresse erfolgt aus Sicherheitsgr\u00fcnden und f\u00fcr den Fall, dass die betroffene Person durch einen abgegebenen Kommentar die Rechte Dritter verletzt oder rechtswidrige Inhalte postet. Die Speicherung dieser personenbezogenen Daten erfolgt daher im eigenen Interesse des f\u00fcr die Verarbeitung Verantwortlichen, damit sich dieser im Falle einer Rechtsverletzung gegebenenfalls exkulpieren k\u00f6nnte. Es erfolgt keine Weitergabe dieser erhobenen personenbezogenen Daten an Dritte, sofern eine solche Weitergabe nicht gesetzlich vorgeschrieben ist oder der Rechtsverteidigung des f\u00fcr die Verarbeitung Verantwortlichen dient.<\/p>\n<h3>Cookies<\/h3>\n<p>Wenn Sie einen Kommentar auf unserer Website schreiben, kann das eine Einwilligung sein, Ihren Namen, E-Mail-Adresse und Website in Cookies zu speichern. Dies ist eine Komfortfunktion, damit Sie nicht, wenn Sie einen weiteren Kommentar schreiben, all diese Daten erneut eingeben m\u00c3\u00bcssen. Diese Cookies werden ein Jahr lang gespeichert.<\/p>\n<p>Falls Sie ein Konto haben und Sie sich auf dieser Website anmelden, werden wir ein tempor\u00e4res Cookie setzen, um festzustellen, ob Ihr Browser Cookies akzeptiert. Dieses Cookie enth\u00e4lt keine personenbezogenen Daten und wird verworfen, wenn Sie Ihren Browser schlie\u00dfen.<\/p>\n<p>Wenn Sie sich anmelden, werden wir einige Cookies einrichten, um Ihre Anmeldeinformationen und Anzeigeoptionen zu speichern. Anmelde-Cookies verfallen nach zwei Tagen und Cookies f\u00fcr die Anzeigeoptionen nach einem Jahr. Falls Sie bei der Anmeldung &#8222;Angemeldet bleiben&#8220; ausw\u00e4hlen, wird Ihre Anmeldung zwei Wochen lang aufrechterhalten. Mit der Abmeldung aus Ihrem Konto werden die Anmelde-Cookies gel\u00f6scht.<\/p>\n<p>Wenn Sie einen Artikel bearbeiten oder ver\u00f6ffentlichen, wird ein zus\u00e4tzlicher Cookie in Ihrem Browser gespeichert. Dieser Cookie enth\u00c3\u00a4lt keine personenbezogenen Daten und verweist nur auf die Beitrags-ID des Artikels, den Sie gerade bearbeitet haben. Der Cookie verf\u00e4llt nach einem Tag.<\/p>\n<h3>Eingebettete Inhalte von anderen Websites<\/h3>\n<p>Beitr\u00e4ge auf dieser Website k\u00f6nnen eingebettete Inhalte beinhalten (z. B. Videos, Bilder, Beitr\u00e4ge etc.). Eingebettete Inhalte von anderen Websites verhalten sich exakt so, als ob der Besucher die andere Website besucht h\u00c3\u00a4tte.<\/p>\n<p>Diese Websites k\u00f6nnen Daten \u00fcber Sie sammeln, Cookies benutzen, zus\u00e4tzliche Tracking-Dienste von Dritten einbetten und Ihre Interaktion mit diesem eingebetteten Inhalt aufzeichnen, inklusive Ihrer Interaktion mit dem eingebetteten Inhalt, falls Sie ein Konto haben und auf dieser Website angemeldet sind. Wir versuchen so datensparsam wie m\u00f6glich damit umzugehen.<\/p>\n<h4>Eingebettete YouTube-Videos<\/h4>\n<p>Auf einigen unserer Webseiten betten wir Youtube-Videos ein. Betreiber der entsprechenden Plugins ist die YouTube, LLC, 901 Cherry Ave., San Bruno, CA 94066, USA. Wenn Sie eine Seite mit dem YouTube-Plugin besuchen, wird eine Verbindung zu Servern von Youtube hergestellt. Dabei wird Youtube mitgeteilt, welche Seiten Sie besuchen. Wenn Sie in Ihrem Youtube-Account eingeloggt sind, kann Youtube Ihr Surfverhalten Ihnen pers\u00f6nlich zuzuordnen. Dies verhindern Sie, indem Sie sich vorher aus Ihrem Youtube-Account ausloggen.<\/p>\n<p>Wird ein Youtube-Video gestartet, setzt der Anbieter Cookies ein, die Hinweise \u00fcber das Nutzerverhalten sammeln.<\/p>\n<p>Wer das Speichern von Cookies f\u00fcr das Google-Ad-Programm deaktiviert hat, wird auch beim Anschauen von Youtube-Videos mit keinen solchen Cookies rechnen m\u00c3\u00bcssen. Youtube legt aber auch in anderen Cookies nicht-personenbezogene Nutzungsinformationen ab. M\u00f6chten Sie dies verhindern, so m\u00fcssen Sie das Speichern von Cookies im Browser blockieren.<\/p>\n<p>Weitere Informationen zum Datenschutz bei &#8222;Youtube&#8220; finden Sie in der Datenschutzerkl\u00e4rung des Anbieters unter: https:\/\/www.google.de\/intl\/de\/policies\/privacy\/<\/p>\n<h4>Twitter<\/h4>\n<p>Der f\u00fcr die Verarbeitung Verantwortliche hat auf dieser Internetseite Komponenten von Twitter integriert. Twitter ist ein multilingualer \u00f6ffentlich zug\u00e4nglicher Mikroblogging-Dienst, auf welchem die Nutzer sogenannte Tweets, also Kurznachrichten, die auf 280 Zeichen begrenzt sind, ver\u00f6ffentlichen und verbreiten k\u00f6nnen. Diese Kurznachrichten sind f\u00fcr jedermann, also auch f\u00fcr nicht bei Twitter angemeldete Personen abrufbar. Die Tweets werden aber auch den sogenannten Followern des jeweiligen Nutzers angezeigt. Follower sind andere Twitter-Nutzer, die den Tweets eines Nutzers folgen. Ferner erm\u00f6glicht Twitter \u00fcber Hashtags, Verlinkungen oder Retweets die Ansprache eines breiten Publikums.<\/p>\n<p>Betreibergesellschaft von Twitter ist die Twitter, Inc., 1355 Market Street, Suite 900, San Francisco, CA 94103, USA.<\/p>\n<p>Durch jeden Aufruf einer der Einzelseiten dieser Internetseite, die durch den f\u00fcr die Verarbeitung Verantwortlichen betrieben wird und auf welcher eine Twitter-Komponente (Twitter-Button) integriert wurde, wird der Internetbrowser auf dem informationstechnologischen System der betroffenen Person automatisch durch die jeweilige Twitter-Komponente veranlasst, eine Darstellung der entsprechenden Twitter-Komponente von Twitter herunterzuladen. Weitere Informationen zu den Twitter-Buttons sind unter https:\/\/about.twitter.com\/de\/resources\/buttons abrufbar. Im Rahmen dieses technischen Verfahrens erh\u00e4lt Twitter Kenntnis dar\u00fcber, welche konkrete Unterseite unserer Internetseite durch die betroffene Person besucht wird. Zweck der Integration der Twitter-Komponente ist es, unseren Nutzern eine Weiterverbreitung der Inhalte diese Internetseite zu erm\u00f6glichen, diese Internetseite in der digitalen Welt bekannt zu machen und unsere Besucherzahlen zu erh\u00f6hen.<\/p>\n<p>Sofern die betroffene Person gleichzeitig bei Twitter eingeloggt ist, erkennt Twitter mit jedem Aufruf unserer Internetseite durch die betroffene Person und w\u00e4hrend der gesamten Dauer des jeweiligen Aufenthaltes auf unserer Internetseite, welche konkrete Unterseite unserer Internetseite die betroffene Person besucht. Diese Informationen werden durch die Twitter-Komponente gesammelt und durch Twitter dem jeweiligen Twitter-Account der betroffenen Person zugeordnet. Bet\u00e4tigt die betroffene Person einen der auf unserer Internetseite integrierten Twitter-Buttons, werden die damit \u00fcbertragenen Daten und Informationen dem pers\u00f6nlichen Twitter-Benutzerkonto der betroffenen Person zugeordnet und von Twitter gespeichert und verarbeitet.<\/p>\n<p>Twitter erh\u00e4lt \u00e4ber die Twitter-Komponente immer dann eine Information dar\u00fcber, dass die betroffene Person unsere Internetseite besucht hat, wenn die betroffene Person zum Zeitpunkt des Aufrufs unserer Internetseite gleichzeitig bei Twitter eingeloggt ist; dies findet unabh\u00e4ngig davon statt, ob die betroffene Person die Twitter-Komponente anklickt oder nicht. Ist eine derartige \u00dcbermittlung dieser Informationen an Twitter von der betroffenen Person nicht gewollt, kann diese die \u00dcbermittlung dadurch verhindern, dass sie sich vor einem Aufruf unserer Internetseite aus ihrem Twitter-Account ausloggt.<\/p>\n<p>Die geltenden Datenschutzbestimmungen von Twitter sind unter https:\/\/twitter.com\/privacy?lang=de abrufbar.<\/p>\n<h3>Analysedienste<\/h3>\n<p>Wir haben soweit wie m\u00f6glich alle Analysedienste ausgeschaltet.<\/p>\n<h3>H5P<\/h3>\n<p>Wir k\u00f6nnen personenbezogene Daten \u00fcber Ihre Interaktionen mit xAPI verarbeiten und speichern. Wir verwenden die Daten, um zu erfahren, wie gut die Interaktionen gestaltet sind und wie sie angepasst werden k\u00f6nnen, um die Benutzerfreundlichkeit und Ihre Lernergebnisse zu verbessern. Die Daten werden bis auf weiteres verarbeitet und gespeichert[auf unserer Plattform|auf einer externen Plattform].<\/p>\n<p>Wir k\u00f6nnen die Ergebnisse Ihrer Interaktionen bis auf weiteres auf unserer Plattform speichern. Die Ergebnisse k\u00f6nnen Ihre Punktzahl, die maximal m\u00f6gliche Punktzahl, den Zeitpunkt des Beginns, das Ende und die Zeit, die Sie verbraucht haben, enthalten. Wir verwenden die Ergebnisse, um zu erfahren, wie gut Sie gearbeitet haben und um Ihnen Feedback zu geben.<\/p>\n<p>Wir k\u00f6nnen interaktive Inhalte, die Sie auf unserer Plattform erstellen, speichern. Wir k\u00f6nnen auch anonymisierte Berichte \u00fcber die Erstellung von Inhalten ohne personenbezogene Daten an die Plugin-Entwickler senden. Bitte konsultieren Sie die Seite mit den Trackinginformationen zum H5P f\u00fcr weitere Informationen.<\/p>\n<p>Wenn Sie interaktive Inhalte verwenden, die ein Video enthalten, das auf YouTube gehostet wird, setzt YouTube Cookies auf Ihrem Computer. YouTube verwendet diese Cookies, um ihnen und ihren Partnern zu helfen, den Traffic auf ihren Websites zu analysieren. Weitere Informationen finden Sie in den Datenschutzbestimmungen von Google. Es ist unser legitimes Interesse, YouTube zu nutzen, denn wir ben\u00f6tigen ihre Dienste f\u00fcr unsere interaktiven Inhalte und k\u00f6nnten Ihnen ihre Videoinhalte sonst nicht zur Verf\u00fcgung stellen.<\/p>\n<p>Wenn Sie interaktive Inhalte verwenden, die einen Twitter-Feed enthalten, setzt Twitter ein Cookie auf Ihrem Computer. Twitter verwendet diese Cookies, um ihnen und ihren Partnern zu helfen, ihre Werbung f\u00fcr Sie relevanter zu gestalten. Bitte lesen Sie die Datenschutzerkl\u00e4rung von Twitter f\u00fcr weitere Informationen. Es ist unser legitimes Interesse, Twitter zu nutzen, denn wir ben\u00f6tigen ihre Dienste f\u00fcr unsere interaktiven Inhalte und k\u00f6nnten sie Ihnen sonst nicht zur Verf\u00fcgung stellen.<\/p>\n<p>Wenn Sie interaktive Inhalte verwenden, die Spracherkennung enthalten, verarbeitet Google Cloud Ihre Stimme f\u00fcr die Umwandlung in Text. Weitere Informationen finden Sie in den Datenschutzbestimmungen von Google. Es ist unser legitimes Interesse, Google Cloud zu nutzen, denn wir ben\u00f6tigen ihre Dienste f\u00fcr unsere interaktiven Inhalte und k\u00f6nnten Ihnen sonst keine Spracherkennungsfunktionen anbieten.<\/p>\n<p>\u00dcbersetzt mit www.DeepL.com\/Translator<\/p>\n<h2>Mit wem wir Ihre Daten teilen<\/h2>\n<p>Wir versuchen, so wenig Daten wie m\u00f6glich mit anderen zu teilen.<\/p>\n<h2>Wie lange wir deine Daten speichern<\/h2>\n<p>Wenn Sie einen Kommentar schreiben, wird dieser inklusive Metadaten zeitlich unbegrenzt gespeichert. Auf diese Art k\u00f6nnen wir Folgekommentare automatisch erkennen und freigeben, anstelle sie in einer Moderations-Warteschlange festzuhalten.<\/p>\n<p>F\u00fcr Benutzer, die sich auf unserer Website registrieren, speichern wir zus\u00e4tzlich die pers\u00f6nlichen Informationen, die sie in ihren Benutzerprofilen angeben. Alle Benutzer k\u00f6nnen jederzeit ihre pers\u00f6nlichen Informationen einsehen, ver\u00e4ndern oder l\u00f6schen (der Benutzername kann nicht ver\u00e4ndert werden). Administratoren der Website k\u00f6nnen diese Informationen ebenfalls einsehen und ver\u00e4ndern.<\/p>\n<h2>Welche Rechte Sie an Ihren Daten haben<\/h2>\n<p>Wenn Sie ein Konto auf dieser Website besitzen oder Kommentare geschrieben haben, k\u00f6nnen Sie einen Export Ihrer personenbezogenen Daten bei uns anfordern, inklusive aller Daten, die Sie uns mitgeteilt haben. Dar\u00fcber hinaus k\u00f6nnen Sie die L\u00f6schung aller personenbezogenen Daten, die wir von Ihnen gespeichert haben, anfordern. Dies umfasst nicht die Daten, die wir aufgrund administrativer, rechtlicher oder sicherheitsrelevanter Notwendigkeiten aufbewahren m\u00fcssen.<\/p>\n<h2>Wohin wir Ihre Daten senden<\/h2>\n<p>Besucher-Kommentare k\u00f6nnten von einem automatisierten Dienst zur Spam-Erkennung untersucht werden. Wir sammeln Kommentare mit mehr als zwei Links, um sie h\u00e4ndisch freizugeben.<\/p>\n<h2>Ihre Kontakt-Informationen<\/h2>\n<p>Bei Fragen wenden Sie sich direkt an Mandy und Matthias Rohs, mail: mandy.rohs[at]sowi.uni-kl.de<\/p>\n<h2>Weitere Informationen<\/h2>\n<h3>Wie wir Ihre Daten sch\u00fctzen<\/h3>\n<p>Wir verzichten auf eine automatische Entscheidungsfindung oder ein Profiling. Wir haben uns nach bestem Wissen und Gewissen mit den Grunds\u00e4tzen der DSGVO auseinaandergesetzt. Diese Datenschutzerkl\u00e4rung wurde durch den Datenschutzerkl\u00c3\u00a4rungs-Generator der DGD Deutsche Gesellschaft f\u00fcr Datenschutz GmbH, die als <a href=\"https:\/\/dg-datenschutz.de\/datenschutz-dienstleistungen\/externer-datenschutzbeauftragter\/\">Externer Datenschutzbeauftragter Berlin<\/a> t\u00e4tig ist, in Kooperation mit den <a href=\"https:\/\/www.wbs-law.de\/\">Datenschutz (DSGVO) Anw\u00e4lten der Kanzlei WILDE BEUGER SOLMECKE | Rechtsanw\u00e4lte<\/a> erstellt sowie um Elemente des <a href=\"https:\/\/www.activemind.de\/datenschutz\/datenschutzhinweis-generator\/\" target=\"_blank\" rel=\"noopener noreferrer\">Datenschutzerkl\u00e4rungs-Generator der activeMind AG erg\u00e4nzt<\/a>.<\/p>\n<p>Wir behalten uns vor, diese Datenschutzerkl\u00e4rung anzupassen, damit sie stets den aktuellen rechtlichen Anforderungen entspricht oder um \u00c3\u201enderungen unserer Leistungen in der Datenschutzerkl\u00c3\u00a4rung umzusetzen, z.B. bei der Einf\u00fchrung neuer Services. F\u00fcr Ihren erneuten Besuch gilt dann die neue Datenschutzerkl\u00e4rung.<\/p>\n<h3>Welche Ma\u00dfnahmen wir bei Datenschutzverletzungen anbieten<\/h3>\n<p>Wir l\u00f6schen unverz\u00fcglich, sobald wir von Datenschutzverletzungen Kenntnis erlangen.<\/p>\n","protected":false},"excerpt":{"rendered":"<p>Wer wir sind Die Adresse unserer Website ist: http:\/\/2headz.ch\/blog. Es handelt sich bei diesem Weblog um ein privates Weblog. Die Inhalte spiegeln pers\u00f6nlichen Ansichten und Meinungen wider. Prof. Dr. Mandy Schiefner-Rohs, Prof. Dr. Matthias Rohs RPTU Kaiserslautern-Landau Erwin-Schr\u00f6dinger Strasse 67663 Kaiserslautern Tel: 0631-205 5659 E-Mail: mandy.rohs[AT]rptu.de \/ matthias.rohs[AT]rptu.de Haftungsausschluss: Wir stellen alle Informationen nach bestem [&hellip;]<\/p>\n","protected":false},"author":3,"featured_media":0,"parent":0,"menu_order":4,"comment_status":"closed","ping_status":"closed","template":"","meta":{"footnotes":""},"class_list":["post-3970","page","type-page","status-publish","hentry"],"_links":{"self":[{"href":"https:\/\/2headz.ch\/blog\/wp-json\/wp\/v2\/pages\/3970","targetHints":{"allow":["GET"]}}],"collection":[{"href":"https:\/\/2headz.ch\/blog\/wp-json\/wp\/v2\/pages"}],"about":[{"href":"https:\/\/2headz.ch\/blog\/wp-json\/wp\/v2\/types\/page"}],"author":[{"embeddable":true,"href":"https:\/\/2headz.ch\/blog\/wp-json\/wp\/v2\/users\/3"}],"replies":[{"embeddable":true,"href":"https:\/\/2headz.ch\/blog\/wp-json\/wp\/v2\/comments?post=3970"}],"version-history":[{"count":13,"href":"https:\/\/2headz.ch\/blog\/wp-json\/wp\/v2\/pages\/3970\/revisions"}],"predecessor-version":[{"id":4691,"href":"https:\/\/2headz.ch\/blog\/wp-json\/wp\/v2\/pages\/3970\/revisions\/4691"}],"wp:attachment":[{"href":"https:\/\/2headz.ch\/blog\/wp-json\/wp\/v2\/media?parent=3970"}],"curies":[{"name":"wp","href":"https:\/\/api.w.org\/{rel}","templated":true}]}}