{"id":4430,"date":"2021-04-06T14:27:25","date_gmt":"2021-04-06T14:27:25","guid":{"rendered":"https:\/\/2headz.ch\/blog\/?page_id=4430"},"modified":"2025-09-03T19:25:55","modified_gmt":"2025-09-03T19:25:55","slug":"vita","status":"publish","type":"page","link":"https:\/\/2headz.ch\/blog\/about-mandy-schiefner-rohs\/vita\/","title":{"rendered":"Curriculum Vitae"},"content":{"rendered":"<h2>Univ.-Prof. Dr. phil. Mandy Schiefner-Rohs<\/h2>\n<div><a style=\"vertical-align: top;\" href=\"https:\/\/orcid.org\/0000-0002-6466-4709\" target=\"orcid.widget\" rel=\"noopener noreferrer\"><img decoding=\"async\" style=\"width: 1em; margin-right: .5em;\" src=\"https:\/\/orcid.org\/sites\/default\/files\/images\/orcid_16x16.png\" alt=\"ORCID iD icon\" \/>https:\/\/orcid.org\/0000-0002-6466-4709<\/a><\/div>\n<h4><strong>A. Wissenschaftlicher Werdegang<\/strong><\/h4>\n<h4>Beruf<\/h4>\n<figure id=\"attachment_4612\" aria-describedby=\"caption-attachment-4612\" style=\"width: 300px\" class=\"wp-caption alignright\"><a href=\"http:\/\/2headz.ch\/blog\/wp-content\/uploads\/2022\/07\/LK210730-2-scaled.jpg\"><img loading=\"lazy\" decoding=\"async\" class=\"size-medium wp-image-4612\" src=\"http:\/\/2headz.ch\/blog\/wp-content\/uploads\/2022\/07\/LK210730-2-300x300.jpg\" alt=\"\" width=\"300\" height=\"300\" srcset=\"https:\/\/2headz.ch\/blog\/wp-content\/uploads\/2022\/07\/LK210730-2-300x300.jpg 300w, https:\/\/2headz.ch\/blog\/wp-content\/uploads\/2022\/07\/LK210730-2-1024x1024.jpg 1024w, https:\/\/2headz.ch\/blog\/wp-content\/uploads\/2022\/07\/LK210730-2-150x150.jpg 150w, https:\/\/2headz.ch\/blog\/wp-content\/uploads\/2022\/07\/LK210730-2-768x768.jpg 768w, https:\/\/2headz.ch\/blog\/wp-content\/uploads\/2022\/07\/LK210730-2-500x500.jpg 500w, https:\/\/2headz.ch\/blog\/wp-content\/uploads\/2022\/07\/LK210730-2-400x400.jpg 400w, https:\/\/2headz.ch\/blog\/wp-content\/uploads\/2022\/07\/LK210730-2-1536x1536.jpg 1536w, https:\/\/2headz.ch\/blog\/wp-content\/uploads\/2022\/07\/LK210730-2-2048x2048.jpg 2048w, https:\/\/2headz.ch\/blog\/wp-content\/uploads\/2022\/07\/LK210730-2-144x144.jpg 144w\" sizes=\"auto, (max-width: 300px) 100vw, 300px\" \/><\/a><figcaption id=\"caption-attachment-4612\" class=\"wp-caption-text\">Foto: Lars Kilian<\/figcaption><\/figure>\n<ul>\n<li><strong>2025-dto. <\/strong>Vizepr\u00e4sidentin f\u00fcr Lehre der RPTU Kaiserslautern-Landau<\/li>\n<li><strong>2021-dto. <\/strong>Univ.-Professorin (W3) f\u00fcr P\u00e4dagogik mit Schwerpunkt Schulp\u00e4dagogik, Rheinland-Pf\u00e4lzische Technische Universit\u00e4t Kaiserslautern Landau (RPTU), vorher TU Kaiserslautern<\/li>\n<li><strong>2020-2023 <\/strong>Prodekanin des Fachbereichs Sozialwissenschaft der TU Kaiserslautern<\/li>\n<li><strong>2019-2021\u00a0<\/strong>Univ.-Professorin (W2) f\u00fcr Allgemeine P\u00e4dagogik mit Schwerpunkt Schulp\u00e4dagogik, TU Kaiserslautern, Fachbereich Sozialwissenschaften<\/li>\n<li><strong>2019\u00a0<\/strong>Lehrbeauftragte an der Universit\u00e4t Duisburg Essen und an der Universit\u00e4t Basel<\/li>\n<li><strong>2013-2019 <\/strong>Professorin (W1) f\u00fcr P\u00e4dagogik mit Schwerpunkt Schulentwicklung, TU Kaiserslautern, Fachbereich Sozialwissenschaften, 20216 Positive Zwischenevaluation [Habilitations\u00e4quivalenz]<\/li>\n<li><strong>2011 &#8211; 2013<\/strong> PostDoc, Universit\u00e4t Duisburg-Essen, Lehrstuhl f\u00fcr Mediendidaktik und Wissensmanagement<\/li>\n<li><strong>2011<\/strong> Lehrbeauftragte an der Universit\u00e4t Augsburg, Professur f\u00fcr Mediendidaktik<\/li>\n<li><strong>2007 &#8211; 2011<\/strong> Stellvertretende Leitung der Hochschuldidaktik Universit\u00e4t Z\u00fcrich, Hochschuldidaktik<\/li>\n<li><strong>2006 &#8211; 2007<\/strong> Wissenschaftliche Mitarbeiterin, Universit\u00e4t Z\u00fcrich, E-Learning Center<\/li>\n<li><strong>2005 &#8211; 2006<\/strong> Wissenschaftliche Mitarbeiterin, Fachhochschule Nordwestschweiz<\/li>\n<li><strong>2002 &#8211; 2006<\/strong> Studentische\/Wissenschaftliche Hilfskraft, Universit\u00e4t des Saarlandes, FB Erziehungswissenschaft<\/li>\n<\/ul>\n<h4>Akademische Abschl\u00fcsse<\/h4>\n<ul>\n<li><strong>2008 &#8211; 2011<\/strong> Promotion, Beginn an der Universit\u00e4t Augsburg,\u00a0 ab 4\/2010 an Universit\u00e4t der Bundeswehr M\u00fcnchen, Fakult\u00e4t f\u00fcr P\u00e4dagogik. Titel der Dissertation <em>Kritische Informations- und Medienkompetenz im Hochschulstudium. Theoretisch-konzeptionelle \u00dcberlegungen und erste empirische Betrachtungen am Beispiel der Lehrerausbildung<\/em>.<\/li>\n<li><strong>2000-2004\u00a0 <\/strong>Magisterstudium, Universit\u00e4t des Saarlandes: Erziehungswissenschaft, Kunstgeschichte, Informationswissenschaft. Magisterarbeit: <em>Audio Distance Learning &#8211; Konzeption und Erstellung eines Audio-Kurses zum Thema Konstruktivismus und Lernen.<\/em><\/li>\n<\/ul>\n<h4><strong>B. (Universit\u00e4re) Gremienarbeit<\/strong><\/h4>\n<ul>\n<li>2023-2025: Stellvertretende Gesch\u00e4ftsf\u00fchrende Leiterin des <a href=\"https:\/\/rptu.de\/zfl-zlb\/home\">Zentrums f\u00fcr Lehrer*innenbildung der RPTU Kaiserslautern-Landau in Kaiserslautern<\/a><\/li>\n<li>2023-2025: Co-Sprecherin des <a href=\"https:\/\/sowi.rptu.de\/fgs\/philosophie\/forschung\/cedis-center-for-ethics-and-the-digital-society\">Center for Ethics and the Digital Society (CEDIS)<\/a> der RPTU Kaiserslautern-Landau<\/li>\n<li>2019-2025: Teil der Kollegialen Leitung des <a href=\"http:\/\/www.uni-kl.de\/zfl\/home\/\">Zentrums f\u00fcr Lehrerbildung der TU Kaiserslautern,<\/a> ab 2023 Teil der Kollegialen Leitung des Zentrums f\u00fcr Lehrer*innenbildung der RPTU Kaiserslautern-Landau in Kaiserslautern<\/li>\n<li>2020-2025: Vorsitzende des Pr\u00fcfungsausschusses Bildungswissenschaften\/Integrative Sozialwissenschaften<\/li>\n<li>2015 -2025: Mitglied im <a href=\"https:\/\/www.sowi.uni-kl.de\/deans-office\/gremien\/\">Fachausschuss f\u00fcr Studium und Lehre des Fachbereichs Sozialwissenschaften<\/a><\/li>\n<li>2013 &#8211; 2025: Mitglied im <a href=\"http:\/\/www.uni-kl.de\/zfl\/ueber-uns\/fachausschuss-studium-lehre\/\">Fachausschuss f\u00fcr Studium und Lehre im Lehramt<\/a><\/li>\n<li>2014-2025: Gew\u00e4hltes Mitglied der Mitgliederversammlung des \u00a0<a href=\"http:\/\/www.uni-kl.de\/zfl\/home\/\">Zentrums f\u00fcr Lehrerbildung der TU Kaiserslautern<\/a><\/li>\n<li>2020-2022: Teil des Senatsausschusses f\u00fcr Gleichstellungsfragen der TU Kaiserslautern<\/li>\n<li>2016-2022 Vorsitzende des Pr\u00fcfungsausschusses im Masterstudiengang Schulentwicklung des DISC Kaiserslautern<\/li>\n<li>2015-2022 Teil der Fachlichen Leitung des\u00a0 Masterstudiengang Schulentwicklung des DISC der TU Kaiserslautern<\/li>\n<li>Beauftragte f\u00fcr Diversity und Gleichstellung des Fachbereichs Sozialwissenschaften (2016-2020)<\/li>\n<li>seit 2019 Baf\u00f6G Beauftragte der Bildungswissenschaften<\/li>\n<\/ul>\n<h4>Rufe und Listenpl\u00e4tze<\/h4>\n<ul>\n<li><strong>2022 <\/strong>Listenplatz Professur (W3) Digitale Bildung in der Schule, Carl von Ossietzky Universit\u00e4t Oldenburg, (secundo loco)<\/li>\n<li><strong>2021 <\/strong>Ruf auf eine Professur f\u00fcr Medienbildung (W3) an der PH Heidelberg und Rufablehnung (primo loco), Annahme des Bleibeangebots der TU Kaiserslautern<\/li>\n<li><strong>2017<\/strong> Listenplatz Professur (W2) Hochschuldidaktik mit Schwerpunkt Lehrerbildung, Universit\u00e4t Gie\u00dfen, (secundo loco)<\/li>\n<li><strong>2016\u00a0<\/strong>Listenplatz Professur (W3) P\u00e4dagogik mit Schwerpunkt Medienp\u00e4dagogik Friedrich-Alexander-Universit\u00e4t Erlangen-N\u00fcrnberg, (tertio loco)<\/li>\n<li><strong>2012<\/strong> Ruf auf eine Professur (W1) P\u00e4dagogik mit Schwerpunkt Schulentwicklung, TU Kaiserslautern, Platz 1 (primo loco, Ruf angenommen)<\/li>\n<li><strong>2012<\/strong> Listenplatz Professur (W1) Professur Lehren und Lernen mit neuen Medien, Johannes Gutenberg Universit\u00e4t Mainz (secundo loco)<\/li>\n<li><strong>2012<\/strong> Listenplatz Professur (W1) Professur Erwachsenenbildung mit Schwerpunkt Fernstudium und eLearning, TU Kaiserslautern (secundo loco)<\/li>\n<\/ul>\n<h4><strong>C. Preise, Stipendien, Auszeichnungen<\/strong><\/h4>\n<ul>\n<li><strong>2019\u00a0<\/strong><span lang=\"EN-US\">Ausgew\u00e4hlte Teilnehmerin am 5. Turkish-German Frontiers of Social Science (TUGFOSS) Symposium der Alexander von Humboldt-Stiftung (AvH) gemeinsam mit der Stiftung Mercator und der Ko\u00e7 University (KU) vom 24. bis 27. Oktober 2019 in Leipzig.<\/span><\/li>\n<li><strong>2017\u00a0<\/strong> Best-Paper Award der Fachtagung der GI und GMW zu e-Learning und Bildungstechnologien mit dem Beitrag Digitale Medien und forschungsorientiertes Lehren und Lernen &#8211; empirische Einblicke in Projekte und Lehrkonzepte.<\/li>\n<li><strong>2011-2013<\/strong> Ausgew\u00e4hlte Teilnehmerin am hochschul\u00fcbergreifenden mentoring<sup>3<\/sup> F\u00f6rderprogramm f\u00fcr Postdoktorandinnen\/Habilitandinnen der Ruhr-Universit\u00e4t Bochum, der Technischen Universit\u00e4t Dortmund und der Universit\u00e4t Duisburg-Essen (UAMR)<\/li>\n<li><strong>2000 <\/strong>Sonderpreis Landeswettbewerb Jugend Forscht<\/li>\n<\/ul>\n<h4><strong>D. Mitgliedschaften und Ehrenamt<br \/>\n<\/strong><\/h4>\n<h4>Fachgesellschaften<\/h4>\n<ul>\n<li>Deutschen Gesellschaft f\u00fcr Erziehungswissenschaft (DGfE), Sektionen Medienp\u00e4dagogik und Schulp\u00e4dagogik, bis 2025 Vorsitzende der Sektion Sektion Medienp\u00e4dagogik<\/li>\n<li>DHV<\/li>\n<\/ul>\n<h4>Beiratst\u00e4tigkeit<\/h4>\n<ul>\n<li><strong>2025-2029\u00a0<\/strong>Teil des Wissenschaftlichen Beirats des Oberstufen-Kollegs Bielefeld<\/li>\n<li><strong>2024 &#8211; dto. <\/strong>Teil des Leitungsgremiums des Virtuellen Campus Rheinland-Pfalz (VCRP)<\/li>\n<li><strong>2023 &#8211; dto. <\/strong>Mitglied im OER-Beirat des Bundesministeriums f\u00fcr Bildung und Forschung (BMBF)<\/li>\n<li><strong>2022 &#8211; dto. <\/strong>Mitglied im Zukunftsboard der Initiative &#8222;Schule der Zukunft&#8220; des Landes Rheinland-Pfalz<\/li>\n<li><strong>2022 &#8211; dto. <\/strong>Mitglied im Fachbeirat des P\u00e4dagogischen Landesinstitut Rheinland-Pfalz<\/li>\n<li><strong>2020 &#8211; <\/strong><strong>dto.\u00a0 <\/strong>stellvertr. Vorsitzende des\u00a0wissenschaftlichen Beirat der ifib GmbH, Bremen<\/li>\n<li><strong>2021 &#8211; 2023 <\/strong>Mitglied des Beirats des Projekts \u201eProfessionalisierung f\u00fcr eine Kultur der Digitalit\u00e4t &#8211; Profun.Dig\u201c der PH Schw\u00e4bisch Gm\u00fcnd, gef\u00f6rdert von der Stiftung Innovation in der Hochschullehre<\/li>\n<li><strong>2021 &#8211; 2023<\/strong>\u00a0 Mitglied im Beirat des virtuellen Verbunds \u201eDigitalisierung in der Lehrerbildung T\u00fcbingen\u201c (<a href=\"https:\/\/www.tuedilb-tuebingen.de\/\">T\u00fcDiLB)<\/a><\/li>\n<li><strong>2018 &#8211; <\/strong><strong>2023\u00a0 <\/strong>Mitglied im Beirat Sprache des Goethe-Instituts<\/li>\n<li><strong>2016 &#8211; 2020<\/strong> Berufung in den Wissenschaftlichen Beirat der ifib GmbH, Bremen<\/li>\n<\/ul>\n<h4>Expertengremien<\/h4>\n<ul>\n<li><strong>2025 &#8211; 2026 <\/strong>Mitglied im Digitalrat Rheinland-Pfalz<\/li>\n<li class=\"Text\"><strong>2023 <\/strong>Mitglied des Beirats sowie der Impulsgruppe f\u00fcr das Programm \u201eOffene Bildungsmedien und digitale Bildungsr\u00e4ume\u201c des Referats \u201eInfrastrukturf\u00f6rderung Schule\u201c des Bundesministeriums f\u00fcr Bildung und Forschung (BMBF)<\/li>\n<li class=\"Text\"><strong>2022 <\/strong>Mitglied des Multi-Stakeholder-Prozesses zur Entwicklung der Roadmap Datenkompetenzen des BMBF<\/li>\n<li class=\"Text\"><strong>2021 <\/strong>Mitglied der Arbeitsgruppe zur \u00dcberarbeitung der Curriculare Standards Bildungswissenschaften hinsichtlich der Anforderungen digitaler Kompetenz des Ministeriums f\u00fcr Ministeriums f\u00fcr Bildung, Wissenschaft, Weiterbildung und Kultur Rheinland-Pfalz<\/li>\n<li class=\"Text\"><strong>2019 <\/strong>Expertin im Fachgespr\u00e4ch zum Thema Lehrkr\u00e4ftefortbildung, Kultusministerkonferenz, Berlin.<\/li>\n<li class=\"Text\"><strong>2018\u00a0<\/strong>Teilnehmerin mit Impulsvortrag am Fachgespr\u00e4ch zur Frage der Aktualisierung der \u201aStandards f\u00fcr die Lehrerbildung: Bildungswissenschaften der KMK\u2018, Kultusministerkonferenz, Berlin.<\/li>\n<li class=\"Text\"><strong>2018<\/strong> Mitglied des Fachgespr\u00e4chs \u201aDigitalisierung in der Lehrerbildung\u2018 des BMBF<\/li>\n<li><strong>2017-2018<\/strong>: Mitglied des <a href=\"https:\/\/hochschulforumdigitalisierung.de\/de\">Hochschulforums Digitalisierung<\/a> (einer Initiative von CHE, HRK und Stifterverband, gef\u00f6rdert durch das BMBF), Sprecherin der <a href=\"https:\/\/hochschulforumdigitalisierung.de\/de\/themen\/lehrerbildung-und-digitalisierung\">Arbeitsgruppe Lehrerbildung und Digitalisierung<\/a><\/li>\n<li><strong>2016\/2017:<\/strong> Mitglied der Expertenkommission &#8222;Digitale Medien in der Hochschulforschung&#8220; des Bundesministeriums f\u00fcr Bildung und Forschung<\/li>\n<li><strong>2016\/2017 <\/strong>Mitglied der Expertenkommission &#8222;Digitale Bildung in der Aus-, Fort- und Weiterbildung von Lehrkr\u00e4ften&#8220; des Ministeriums f\u00fcr Ministeriums f\u00fcr Bildung, Wissenschaft, Weiterbildung und Kultur Rheinland-Pfalz<\/li>\n<li><strong>2015<\/strong> Mitglied der Arbeitsgruppe &#8222;Inklusion in der Lehrkr\u00e4fteausbildung&#8220; des Ministeriums f\u00fcr Ministeriums f\u00fcr Bildung, Wissenschaft, Weiterbildung und Kultur Rheinland-Pfalz (2015)<\/li>\n<li><strong>2013<\/strong> Expertin \u00abMedienbildung entlang der Bildungskette&#8220; der Deutschen Telekom-Stiftung<\/li>\n<\/ul>\n<h4><strong>E. Gutachterinnent\u00e4tigkeit<\/strong><\/h4>\n<h4>Editorial Board<\/h4>\n<ul>\n<li>Mit-Herausgeberin der Reihe \u201eDigitalit\u00e4t und Bildung\u201c im transcript Verlag (seit 2023)<\/li>\n<li>Mitherausgeberin der Zeitschrift \u00bb<a href=\"https:\/\/www.friedrich-verlag.de\/digitale-schule\/on-lernen-in-der-digitalen-welt\/\">On. Lernen in der digitalen Welt<\/a>\u00ab (2020-2024)<\/li>\n<li>Mitglied des <a href=\"http:\/\/www.gmw-online.de\/publikationen\/editorial-board\/\">Editorial Board<\/a> der Gesellschaft f\u00fcr Medien in der Wissenschaft (GMW, 2018-2020)<\/li>\n<\/ul>\n<h4>Reviewerin<\/h4>\n<ul>\n<li><strong>Zeitschriften national: <\/strong>Zeitschrift f\u00fcr Erziehungswissenschaft (ZfE)| Zeitschrift f\u00fcr P\u00e4dagogik (ZfP\u00e4d) | Die Deutsche Schule (DDS) | Zeitschrift f\u00fcr Bildungsforschung (ZEFB) | Medienp\u00e4dagogik &#8211; Zeitschrift f\u00fcr Theorie und Praxis der Medienbildung\u00a0 | ZFHE \u2013 Zeitschrift f\u00fcr Hochschulentwicklung | Schweizer Zeitschrift f\u00fcr Bildungswissenschaften | Beitr\u00e4ge zur Lehrerbildung (BzL) | Psychologie in Erziehung und Unterricht (PEU) | Jahrbuch f\u00fcr Allgemeine Didaktik (JfAD)<\/li>\n<li><strong>Zeitschriften international: <\/strong>American Journal of Educational Research, Journal of Technology and Teacher Education (JTATE), Interactive Learning Environments, Research in Learning Technology |<\/li>\n<li><strong>Konferenzen: <\/strong>u.a. European Conference on Educational Research (ECER), DGfE Kongre\u00df 2020\/2021,\u00a0 IADIS International Conference e-learning, ECER, Jahrestagung der Gesellschaft f\u00fcr Medien in der Wissenschaft (GMW)<\/li>\n<\/ul>\n<h4>(Fach-)Gutachterin<\/h4>\n<ul>\n<li>Gutachterin f\u00fcr den Schweizerischer Nationalfond (SNF)<\/li>\n<li>Gutachterin f\u00fcr strukturierte Promotionskollegs \u201e Forschung und Nachwuchs\u201c (FuN-Kollegs) an P\u00e4dagogischen Hochschulen des Ministerium f\u00fcr Wissenschaft, Forschung und Kunst Baden-W\u00fcrttemberg<\/li>\n<li>Fachgutachterin im F\u00f6rderprogramm SUK P-2 &#8222;Wissenschaftliche Information: Zugang, Verarbeitung und Speicherung&#8220; der Rektorenkonferenz der Schweizer Universit\u00e4ten (CRUS)<\/li>\n<li>Fachgutachterin im F\u00f6rderprogramm &#8222;Sparkling Science&#8220; des \u00d6sterreichischen Bundesministeriums f\u00fcr Wissenschaft, Forschung und Wirtschaft (BMWFW)<\/li>\n<li>Fachgutachterin der <a href=\"https:\/\/www.studienstiftung.de\/\">Studienstiftung des Deutschen Volkes<\/a><\/li>\n<li>Gutachterin des DAAD &#8211; Deutscher Akademischer Austauschdienst e.V.: Jury des Deutschen eTwinning Programms der Europ\u00e4ischen Kommission und der Kultusministerkonferenz (seit 2015)<\/li>\n<li>Gutachterin f\u00fcr die Volkswagen-Stiftung<\/li>\n<li>Gutachterin f\u00fcr den Landeslehrpreis Nordrhein-Westphalen im Auftrag des Ministeriums f\u00fcr Kultur und Wissenschaft des Landes Nordrhein-Westfalen<\/li>\n<li>Gutachterin f\u00fcr die Agentur f\u00fcr Qualit\u00e4tssicherung durch Akkreditierung von Studieng\u00e4ngen (AQAS)<\/li>\n<li>Hochschuldidaktische Gutachterin f\u00fcr die LehrLEO-Awards, dem studentischen Lehrpreis der TU Braunschweig<\/li>\n<li>Gutachterin im Themenfeld Digitale Medien f\u00fcr die Verbraucherzentrale Bundesverband e.V.<\/li>\n<\/ul>\n<h4>Jury-T\u00e4tigkeit<\/h4>\n<ul>\n<li>Mitglied der Jury des Fellowship-Programm f\u00fcr Lehrinnovationen und Unterst\u00fctzungsangebote in der digitalen Hochschullehre an Baden-W\u00fcrttemberger Hochschulen<\/li>\n<li>Mitglied der Jury des Deutschen eTwinning Programms der Europ\u00e4ischen Kommission und der Kultusministerkonferenz (seit 2015)<\/li>\n<li>Mitglied der Jury in der Stifterverband-Ausschreibung \u201eSchule in der Digitalen Welt\u201c (2019)<\/li>\n<li>Mitglied der Jury im DINI-Wettbewerb \u201eLernen 4.0 \u2013 Gestalte Deinen Lernraum\u201c (2019)<\/li>\n<li>Jurymitglied f\u00fcr die Verleihung des High Five Teaching Awards an der Zeppelin Universit\u00e4t Friedrichshafen<\/li>\n<\/ul>\n<h4><strong>F. Engagement<\/strong><\/h4>\n<ul>\n<li>DHV Vertretung am Standort Kaiserslautern<\/li>\n<li>seit 2016: Mentorin im Programm <a href=\"https:\/\/www.hochschulverband.de\/tandem.html#_\">TANDEM<\/a> Deutschen Universit\u00e4tsstiftung<\/li>\n<li>seit 2022 Mentoring im Programm <a href=\"https:\/\/www.mentoringhessen.de\/angebot\/mentoring\/proacademia\/\">ProAcademia<\/a><\/li>\n<\/ul>\n","protected":false},"excerpt":{"rendered":"<p>Univ.-Prof. Dr. phil. Mandy Schiefner-Rohs https:\/\/orcid.org\/0000-0002-6466-4709 A. Wissenschaftlicher Werdegang Beruf 2025-dto. Vizepr\u00e4sidentin f\u00fcr Lehre der RPTU Kaiserslautern-Landau 2021-dto. Univ.-Professorin (W3) f\u00fcr P\u00e4dagogik mit Schwerpunkt Schulp\u00e4dagogik, Rheinland-Pf\u00e4lzische Technische Universit\u00e4t Kaiserslautern Landau (RPTU), vorher TU Kaiserslautern 2020-2023 Prodekanin des Fachbereichs Sozialwissenschaft der TU Kaiserslautern 2019-2021\u00a0Univ.-Professorin (W2) f\u00fcr Allgemeine P\u00e4dagogik mit Schwerpunkt Schulp\u00e4dagogik, TU Kaiserslautern, Fachbereich Sozialwissenschaften 2019\u00a0Lehrbeauftragte [&hellip;]<\/p>\n","protected":false},"author":3,"featured_media":0,"parent":897,"menu_order":0,"comment_status":"closed","ping_status":"closed","template":"","meta":{"footnotes":""},"class_list":["post-4430","page","type-page","status-publish","hentry"],"_links":{"self":[{"href":"https:\/\/2headz.ch\/blog\/wp-json\/wp\/v2\/pages\/4430","targetHints":{"allow":["GET"]}}],"collection":[{"href":"https:\/\/2headz.ch\/blog\/wp-json\/wp\/v2\/pages"}],"about":[{"href":"https:\/\/2headz.ch\/blog\/wp-json\/wp\/v2\/types\/page"}],"author":[{"embeddable":true,"href":"https:\/\/2headz.ch\/blog\/wp-json\/wp\/v2\/users\/3"}],"replies":[{"embeddable":true,"href":"https:\/\/2headz.ch\/blog\/wp-json\/wp\/v2\/comments?post=4430"}],"version-history":[{"count":47,"href":"https:\/\/2headz.ch\/blog\/wp-json\/wp\/v2\/pages\/4430\/revisions"}],"predecessor-version":[{"id":4896,"href":"https:\/\/2headz.ch\/blog\/wp-json\/wp\/v2\/pages\/4430\/revisions\/4896"}],"up":[{"embeddable":true,"href":"https:\/\/2headz.ch\/blog\/wp-json\/wp\/v2\/pages\/897"}],"wp:attachment":[{"href":"https:\/\/2headz.ch\/blog\/wp-json\/wp\/v2\/media?parent=4430"}],"curies":[{"name":"wp","href":"https:\/\/api.w.org\/{rel}","templated":true}]}}