{"id":897,"date":"2009-07-06T22:18:33","date_gmt":"2009-07-06T22:18:33","guid":{"rendered":"http:\/\/2headz.ch\/blog\/?page_id=897"},"modified":"2022-07-02T07:44:06","modified_gmt":"2022-07-02T07:44:06","slug":"about-mandy-schiefner-rohs","status":"publish","type":"page","link":"https:\/\/2headz.ch\/blog\/about-mandy-schiefner-rohs\/","title":{"rendered":"Mandy Schiefner-Rohs"},"content":{"rendered":"<h2><span style=\"color: #c83531;\">SCOPE.Z<\/span><\/h2>\n<table border=\"0\">\n<tbody>\n<tr>\n<td>Es interessieren mich vor allem, welche Auswirkungen gesellschaftliche Transformationsprozesse wie z.B. tiefgreifende Mediatisierung f\u00fcr p\u00e4dagogisches Handeln in Institutionen wie Schule und Hochschule haben. Mein Fokus liegt dabei auf der Ver\u00e4nderung von p\u00e4dagogischem Handeln in Schule undHochschule unter Perspektive einer kritischen Medienp\u00e4dagogik.<br \/>\nBerufliche Informationen finden Sie auf meiner <a href=\"https:\/\/www.sowi.uni-kl.de\/paedagogik\/team\/mandy-schiefner-rohs\/\"><strong>Universit\u00e4ts-Homepage.<\/strong><\/a><\/p>\n<h3><a href=\"https:\/\/2headz.ch\/blog\/about-mandy-schiefner-rohs\/publikationen\/\"><span style=\"color: #c83531;\">Publikationen<\/span><\/a><\/h3>\n<h3><a href=\"https:\/\/2headz.ch\/blog\/about-mandy-schiefner-rohs\/vortraege\/\"><span style=\"color: #c83531;\">Vortr\u00e4ge <\/span><\/a><\/h3>\n<h3><span style=\"color: #c83531;\"><a href=\"http:\/\/2headz.ch\/blog\/about-mandy-schiefner-rohs\/vita\/\">Vita<\/a><br \/>\n<\/span><\/h3>\n<h3><a href=\"http:\/\/2headz.ch\/blog\/category\/mandyschiefner\/\">Blog-Artikel<\/a><\/h3>\n<\/td>\n<td>\n<p><figure id=\"attachment_4612\" aria-describedby=\"caption-attachment-4612\" style=\"width: 330px\" class=\"wp-caption alignleft\"><img loading=\"lazy\" decoding=\"async\" class=\"wp-image-4612\" src=\"http:\/\/2headz.ch\/blog\/wp-content\/uploads\/2022\/07\/LK210730-2-300x300.jpg\" alt=\"\" width=\"330\" height=\"330\" srcset=\"https:\/\/2headz.ch\/blog\/wp-content\/uploads\/2022\/07\/LK210730-2-300x300.jpg 300w, https:\/\/2headz.ch\/blog\/wp-content\/uploads\/2022\/07\/LK210730-2-1024x1024.jpg 1024w, https:\/\/2headz.ch\/blog\/wp-content\/uploads\/2022\/07\/LK210730-2-150x150.jpg 150w, https:\/\/2headz.ch\/blog\/wp-content\/uploads\/2022\/07\/LK210730-2-768x768.jpg 768w, https:\/\/2headz.ch\/blog\/wp-content\/uploads\/2022\/07\/LK210730-2-500x500.jpg 500w, https:\/\/2headz.ch\/blog\/wp-content\/uploads\/2022\/07\/LK210730-2-400x400.jpg 400w, https:\/\/2headz.ch\/blog\/wp-content\/uploads\/2022\/07\/LK210730-2-1536x1536.jpg 1536w, https:\/\/2headz.ch\/blog\/wp-content\/uploads\/2022\/07\/LK210730-2-2048x2048.jpg 2048w, https:\/\/2headz.ch\/blog\/wp-content\/uploads\/2022\/07\/LK210730-2-144x144.jpg 144w\" sizes=\"auto, (max-width: 330px) 100vw, 330px\" \/><figcaption id=\"caption-attachment-4612\" class=\"wp-caption-text\">Foto: Lars Kilian<\/figcaption><\/figure><\/td>\n<\/tr>\n<\/tbody>\n<\/table>\n","protected":false},"excerpt":{"rendered":"<p>SCOPE.Z Es interessieren mich vor allem, welche Auswirkungen gesellschaftliche Transformationsprozesse wie z.B. tiefgreifende Mediatisierung f\u00fcr p\u00e4dagogisches Handeln in Institutionen wie Schule und Hochschule haben. Mein Fokus liegt dabei auf der Ver\u00e4nderung von p\u00e4dagogischem Handeln in Schule undHochschule unter Perspektive einer kritischen Medienp\u00e4dagogik. Berufliche Informationen finden Sie auf meiner Universit\u00e4ts-Homepage. Publikationen Vortr\u00e4ge Vita Blog-Artikel<\/p>\n","protected":false},"author":3,"featured_media":0,"parent":0,"menu_order":0,"comment_status":"closed","ping_status":"closed","template":"","meta":{"footnotes":""},"class_list":["post-897","page","type-page","status-publish","hentry"],"_links":{"self":[{"href":"https:\/\/2headz.ch\/blog\/wp-json\/wp\/v2\/pages\/897","targetHints":{"allow":["GET"]}}],"collection":[{"href":"https:\/\/2headz.ch\/blog\/wp-json\/wp\/v2\/pages"}],"about":[{"href":"https:\/\/2headz.ch\/blog\/wp-json\/wp\/v2\/types\/page"}],"author":[{"embeddable":true,"href":"https:\/\/2headz.ch\/blog\/wp-json\/wp\/v2\/users\/3"}],"replies":[{"embeddable":true,"href":"https:\/\/2headz.ch\/blog\/wp-json\/wp\/v2\/comments?post=897"}],"version-history":[{"count":397,"href":"https:\/\/2headz.ch\/blog\/wp-json\/wp\/v2\/pages\/897\/revisions"}],"predecessor-version":[{"id":4613,"href":"https:\/\/2headz.ch\/blog\/wp-json\/wp\/v2\/pages\/897\/revisions\/4613"}],"wp:attachment":[{"href":"https:\/\/2headz.ch\/blog\/wp-json\/wp\/v2\/media?parent=897"}],"curies":[{"name":"wp","href":"https:\/\/api.w.org\/{rel}","templated":true}]}}